{"id":407,"date":"2023-08-30T13:20:56","date_gmt":"2023-08-30T13:20:56","guid":{"rendered":"https:\/\/cleotildeguerrero.org\/?page_id=407"},"modified":"2023-08-30T14:55:08","modified_gmt":"2023-08-30T14:55:08","slug":"donaciones-2","status":"publish","type":"page","link":"https:\/\/cleotildeguerrero.org\/index.php\/donaciones-2\/","title":{"rendered":"Donaciones"},"content":{"rendered":"\t\t<div data-elementor-type=\"wp-page\" data-elementor-id=\"407\" class=\"elementor elementor-407\" data-elementor-post-type=\"page\">\n\t\t\t\t<div class=\"elementor-element elementor-element-5f411e1 e-flex e-con-boxed e-con e-parent\" data-id=\"5f411e1\" data-element_type=\"container\" data-e-type=\"container\">\n\t\t\t\t\t<div class=\"e-con-inner\">\n\t\t\t\t\t<\/div>\n\t\t\t\t<\/div>\n\t\t<div class=\"elementor-element elementor-element-0e911b5 e-flex e-con-boxed e-con e-parent\" data-id=\"0e911b5\" data-element_type=\"container\" data-e-type=\"container\">\n\t\t\t\t\t<div class=\"e-con-inner\">\n\t\t\t\t\t<\/div>\n\t\t\t\t<\/div>\n\t\t<div class=\"elementor-element elementor-element-58045e7 e-flex e-con-boxed e-con e-parent\" data-id=\"58045e7\" data-element_type=\"container\" data-e-type=\"container\">\n\t\t\t\t\t<div class=\"e-con-inner\">\n\t\t<div class=\"elementor-element elementor-element-21576e7 e-con-full e-flex e-con e-parent\" data-id=\"21576e7\" data-element_type=\"container\" data-e-type=\"container\">\n\t\t\t\t<div class=\"elementor-element elementor-element-6a081bd elementor-widget elementor-widget-heading\" data-id=\"6a081bd\" data-element_type=\"widget\" data-e-type=\"widget\" data-widget_type=\"heading.default\">\n\t\t\t\t<div class=\"elementor-widget-container\">\n\t\t\t\t\t<h2 class=\"elementor-heading-title elementor-size-default\">\u00a1Haz la diferencia!<\/h2>\t\t\t\t<\/div>\n\t\t\t\t<\/div>\n\t\t\t\t<div class=\"elementor-element elementor-element-fba721b elementor-widget elementor-widget-text-editor\" data-id=\"fba721b\" data-element_type=\"widget\" data-e-type=\"widget\" data-widget_type=\"text-editor.default\">\n\t\t\t\t<div class=\"elementor-widget-container\">\n\t\t\t\t\t\t\t\t\t<p>Tus donaciones contribuyen al crecimiento y desarrollo de los j\u00f3venes en Isla Trinitaria, evitando que caigan en riesgos sociales y otorg\u00e1ndoles la oportunidad de impulsar un mejor futuro.<\/p>\t\t\t\t\t\t\t\t<\/div>\n\t\t\t\t<\/div>\n\t\t\t\t<div class=\"elementor-element elementor-element-44f3f1d elementor-widget elementor-widget-text-editor\" data-id=\"44f3f1d\" data-element_type=\"widget\" data-e-type=\"widget\" data-widget_type=\"text-editor.default\">\n\t\t\t\t<div class=\"elementor-widget-container\">\n\t\t\t\t\t\t\t\t\t<p><strong>Realiza tu dep\u00f3sito o transferencia bancaria a:<\/strong><\/p><p>Fundaci\u00f3n de Asistencia Social Sra. Cleotilde Guerrero<br \/>Cuenta Corriente No. 1750600125<br \/>Banco Internacional<br \/>RUC: 0992445203001<br \/>SWIFT: BINTECEQ<\/p>\t\t\t\t\t\t\t\t<\/div>\n\t\t\t\t<\/div>\n\t\t\t\t<div class=\"elementor-element elementor-element-2f3334c elementor-widget elementor-widget-heading\" data-id=\"2f3334c\" data-element_type=\"widget\" data-e-type=\"widget\" data-widget_type=\"heading.default\">\n\t\t\t\t<div class=\"elementor-widget-container\">\n\t\t\t\t\t<h2 class=\"elementor-heading-title elementor-size-default\">\u00bfPrefieres donar con tarjeta de cr\u00e9dito o d\u00e9bito? \u00a1Haz click en uno de los botones a continuaci\u00f3n!*<\/h2>\t\t\t\t<\/div>\n\t\t\t\t<\/div>\n\t\t\t\t<div class=\"elementor-element elementor-element-304b03c elementor-widget elementor-widget-button\" data-id=\"304b03c\" data-element_type=\"widget\" data-e-type=\"widget\" data-widget_type=\"button.default\">\n\t\t\t\t<div class=\"elementor-widget-container\">\n\t\t\t\t\t\t\t\t\t<div class=\"elementor-button-wrapper\">\n\t\t\t\t\t<a class=\"elementor-button elementor-button-link elementor-size-sm elementor-animation-shrink\" href=\"https:\/\/payp.page.link\/3oEC\" target=\"_blank\">\n\t\t\t\t\t\t<span class=\"elementor-button-content-wrapper\">\n\t\t\t\t\t\t\t\t\t<span class=\"elementor-button-text\">Quiero donar USD$20<\/span>\n\t\t\t\t\t<\/span>\n\t\t\t\t\t<\/a>\n\t\t\t\t<\/div>\n\t\t\t\t\t\t\t\t<\/div>\n\t\t\t\t<\/div>\n\t\t\t\t<div class=\"elementor-element elementor-element-ecb2f70 elementor-widget elementor-widget-button\" data-id=\"ecb2f70\" data-element_type=\"widget\" data-e-type=\"widget\" data-widget_type=\"button.default\">\n\t\t\t\t<div class=\"elementor-widget-container\">\n\t\t\t\t\t\t\t\t\t<div class=\"elementor-button-wrapper\">\n\t\t\t\t\t<a class=\"elementor-button elementor-button-link elementor-size-sm elementor-animation-shrink\" href=\"https:\/\/payp.page.link\/PZZx\" target=\"_blank\">\n\t\t\t\t\t\t<span class=\"elementor-button-content-wrapper\">\n\t\t\t\t\t\t\t\t\t<span class=\"elementor-button-text\">Quiero donar USD$10<\/span>\n\t\t\t\t\t<\/span>\n\t\t\t\t\t<\/a>\n\t\t\t\t<\/div>\n\t\t\t\t\t\t\t\t<\/div>\n\t\t\t\t<\/div>\n\t\t\t\t<div class=\"elementor-element elementor-element-b947310 elementor-widget elementor-widget-button\" data-id=\"b947310\" data-element_type=\"widget\" data-e-type=\"widget\" data-widget_type=\"button.default\">\n\t\t\t\t<div class=\"elementor-widget-container\">\n\t\t\t\t\t\t\t\t\t<div class=\"elementor-button-wrapper\">\n\t\t\t\t\t<a class=\"elementor-button elementor-button-link elementor-size-sm elementor-animation-shrink\" href=\"https:\/\/payp.page.link\/EQWS\" target=\"_blank\">\n\t\t\t\t\t\t<span class=\"elementor-button-content-wrapper\">\n\t\t\t\t\t\t\t\t\t<span class=\"elementor-button-text\">Quiero donar USD$5<\/span>\n\t\t\t\t\t<\/span>\n\t\t\t\t\t<\/a>\n\t\t\t\t<\/div>\n\t\t\t\t\t\t\t\t<\/div>\n\t\t\t\t<\/div>\n\t\t\t\t<div class=\"elementor-element elementor-element-062c629 elementor-widget elementor-widget-text-editor\" data-id=\"062c629\" data-element_type=\"widget\" data-e-type=\"widget\" data-widget_type=\"text-editor.default\">\n\t\t\t\t<div class=\"elementor-widget-container\">\n\t\t\t\t\t\t\t\t\t<p>*Para gestionar donaciones con tarjetas de cr\u00e9dito o d\u00e9bito utilizamos la aplicaci\u00f3n PayPhone. <a href=\"https:\/\/www.payphone.app\/inicio\/\" target=\"_blank\" rel=\"noopener\">Haz click aqu\u00ed para obtener m\u00e1s informaci\u00f3n sobre PayPhone<\/a>.<\/p>\t\t\t\t\t\t\t\t<\/div>\n\t\t\t\t<\/div>\n\t\t\t\t<\/div>\n\t\t<div class=\"elementor-element elementor-element-74d5801 e-con-full e-flex e-con e-parent\" data-id=\"74d5801\" data-element_type=\"container\" data-e-type=\"container\">\n\t\t\t\t<div class=\"elementor-element elementor-element-3ba9a46 elementor-widget elementor-widget-image\" data-id=\"3ba9a46\" data-element_type=\"widget\" data-e-type=\"widget\" data-widget_type=\"image.default\">\n\t\t\t\t<div class=\"elementor-widget-container\">\n\t\t\t\t\t\t\t\t\t\t\t\t\t\t\t<img fetchpriority=\"high\" decoding=\"async\" width=\"768\" height=\"1024\" src=\"https:\/\/cleotildeguerrero.org\/wp-content\/uploads\/2023\/08\/almuerzos-infantiles-1-768x1024.jpeg\" class=\"attachment-large size-large wp-image-363\" alt=\"\" srcset=\"https:\/\/cleotildeguerrero.org\/wp-content\/uploads\/2023\/08\/almuerzos-infantiles-1-768x1024.jpeg 768w, https:\/\/cleotildeguerrero.org\/wp-content\/uploads\/2023\/08\/almuerzos-infantiles-1-225x300.jpeg 225w, https:\/\/cleotildeguerrero.org\/wp-content\/uploads\/2023\/08\/almuerzos-infantiles-1.jpeg 774w\" sizes=\"(max-width: 768px) 100vw, 768px\" \/>\t\t\t\t\t\t\t\t\t\t\t\t\t\t\t<\/div>\n\t\t\t\t<\/div>\n\t\t\t\t<\/div>\n\t\t\t\t\t<\/div>\n\t\t\t\t<\/div>\n\t\t\t\t<\/div>\n\t\t","protected":false},"excerpt":{"rendered":"<p>\u00a1Haz la diferencia! Tus donaciones contribuyen al crecimiento y desarrollo de los j\u00f3venes en Isla Trinitaria, evitando que caigan en riesgos sociales y otorg\u00e1ndoles la oportunidad de impulsar un mejor futuro. Realiza tu dep\u00f3sito o transferencia bancaria a: Fundaci\u00f3n de Asistencia Social Sra. Cleotilde GuerreroCuenta Corriente No. 1750600125Banco InternacionalRUC: 0992445203001SWIFT: BINTECEQ \u00bfPrefieres donar con tarjeta [&hellip;]<\/p>\n","protected":false},"author":1,"featured_media":0,"parent":0,"menu_order":0,"comment_status":"closed","ping_status":"closed","template":"","meta":{"_monsterinsights_skip_tracking":false,"_monsterinsights_sitenote_active":false,"_monsterinsights_sitenote_note":"","_monsterinsights_sitenote_category":0,"_uf_show_specific_survey":0,"_uf_disable_surveys":false,"footnotes":""},"class_list":["post-407","page","type-page","status-publish","hentry"],"yoast_head":"<!-- This site is optimized with the Yoast SEO plugin v23.3 - https:\/\/yoast.com\/wordpress\/plugins\/seo\/ -->\n<title>Donaciones - Fundaci\u00f3n Cleotilde Guerrero<\/title>\n<meta name=\"robots\" content=\"index, follow, max-snippet:-1, max-image-preview:large, max-video-preview:-1\" \/>\n<link rel=\"canonical\" href=\"https:\/\/cleotildeguerrero.org\/index.php\/donaciones-2\/\" \/>\n<meta property=\"og:locale\" content=\"es_ES\" \/>\n<meta property=\"og:type\" content=\"article\" \/>\n<meta property=\"og:title\" content=\"Donaciones - Fundaci\u00f3n Cleotilde Guerrero\" \/>\n<meta property=\"og:description\" content=\"\u00a1Haz la diferencia! Tus donaciones contribuyen al crecimiento y desarrollo de los j\u00f3venes en Isla Trinitaria, evitando que caigan en riesgos sociales y otorg\u00e1ndoles la oportunidad de impulsar un mejor futuro. Realiza tu dep\u00f3sito o transferencia bancaria a: Fundaci\u00f3n de Asistencia Social Sra. Cleotilde GuerreroCuenta Corriente No. 1750600125Banco InternacionalRUC: 0992445203001SWIFT: BINTECEQ \u00bfPrefieres donar con tarjeta [&hellip;]\" \/>\n<meta property=\"og:url\" content=\"https:\/\/cleotildeguerrero.org\/index.php\/donaciones-2\/\" \/>\n<meta property=\"og:site_name\" content=\"Fundaci\u00f3n Cleotilde Guerrero\" \/>\n<meta property=\"article:modified_time\" content=\"2023-08-30T14:55:08+00:00\" \/>\n<meta property=\"og:image\" content=\"https:\/\/cleotildeguerrero.org\/wp-content\/uploads\/2023\/08\/almuerzos-infantiles-1-768x1024.jpeg\" \/>\n<meta name=\"twitter:card\" content=\"summary_large_image\" \/>\n<meta name=\"twitter:label1\" content=\"Tiempo de lectura\" \/>\n\t<meta name=\"twitter:data1\" content=\"1 minuto\" \/>\n<script type=\"application\/ld+json\" class=\"yoast-schema-graph\">{\"@context\":\"https:\/\/schema.org\",\"@graph\":[{\"@type\":\"WebPage\",\"@id\":\"https:\/\/cleotildeguerrero.org\/index.php\/donaciones-2\/\",\"url\":\"https:\/\/cleotildeguerrero.org\/index.php\/donaciones-2\/\",\"name\":\"Donaciones - Fundaci\u00f3n Cleotilde Guerrero\",\"isPartOf\":{\"@id\":\"https:\/\/cleotildeguerrero.org\/#website\"},\"primaryImageOfPage\":{\"@id\":\"https:\/\/cleotildeguerrero.org\/index.php\/donaciones-2\/#primaryimage\"},\"image\":{\"@id\":\"https:\/\/cleotildeguerrero.org\/index.php\/donaciones-2\/#primaryimage\"},\"thumbnailUrl\":\"https:\/\/cleotildeguerrero.org\/wp-content\/uploads\/2023\/08\/almuerzos-infantiles-1-768x1024.jpeg\",\"datePublished\":\"2023-08-30T13:20:56+00:00\",\"dateModified\":\"2023-08-30T14:55:08+00:00\",\"breadcrumb\":{\"@id\":\"https:\/\/cleotildeguerrero.org\/index.php\/donaciones-2\/#breadcrumb\"},\"inLanguage\":\"es\",\"potentialAction\":[{\"@type\":\"ReadAction\",\"target\":[\"https:\/\/cleotildeguerrero.org\/index.php\/donaciones-2\/\"]}]},{\"@type\":\"ImageObject\",\"inLanguage\":\"es\",\"@id\":\"https:\/\/cleotildeguerrero.org\/index.php\/donaciones-2\/#primaryimage\",\"url\":\"https:\/\/cleotildeguerrero.org\/wp-content\/uploads\/2023\/08\/almuerzos-infantiles-1.jpeg\",\"contentUrl\":\"https:\/\/cleotildeguerrero.org\/wp-content\/uploads\/2023\/08\/almuerzos-infantiles-1.jpeg\",\"width\":774,\"height\":1032},{\"@type\":\"BreadcrumbList\",\"@id\":\"https:\/\/cleotildeguerrero.org\/index.php\/donaciones-2\/#breadcrumb\",\"itemListElement\":[{\"@type\":\"ListItem\",\"position\":1,\"name\":\"Portada\",\"item\":\"https:\/\/cleotildeguerrero.org\/\"},{\"@type\":\"ListItem\",\"position\":2,\"name\":\"Donaciones\"}]},{\"@type\":\"WebSite\",\"@id\":\"https:\/\/cleotildeguerrero.org\/#website\",\"url\":\"https:\/\/cleotildeguerrero.org\/\",\"name\":\"Fundaci\u00f3n Cleotilde Guerrero\",\"description\":\"Organizaci\u00f3n sin fines de lucro\",\"publisher\":{\"@id\":\"https:\/\/cleotildeguerrero.org\/#organization\"},\"potentialAction\":[{\"@type\":\"SearchAction\",\"target\":{\"@type\":\"EntryPoint\",\"urlTemplate\":\"https:\/\/cleotildeguerrero.org\/?s={search_term_string}\"},\"query-input\":\"required name=search_term_string\"}],\"inLanguage\":\"es\"},{\"@type\":\"Organization\",\"@id\":\"https:\/\/cleotildeguerrero.org\/#organization\",\"name\":\"Fundaci\u00f3n Cleotilde Guerrero\",\"url\":\"https:\/\/cleotildeguerrero.org\/\",\"logo\":{\"@type\":\"ImageObject\",\"inLanguage\":\"es\",\"@id\":\"https:\/\/cleotildeguerrero.org\/#\/schema\/logo\/image\/\",\"url\":\"https:\/\/cleotildeguerrero.org\/wp-content\/uploads\/2023\/08\/FundacionCleotildeGuerrero_Logotipo-03.png\",\"contentUrl\":\"https:\/\/cleotildeguerrero.org\/wp-content\/uploads\/2023\/08\/FundacionCleotildeGuerrero_Logotipo-03.png\",\"width\":2867,\"height\":1450,\"caption\":\"Fundaci\u00f3n Cleotilde Guerrero\"},\"image\":{\"@id\":\"https:\/\/cleotildeguerrero.org\/#\/schema\/logo\/image\/\"}}]}<\/script>\n<!-- \/ Yoast SEO plugin. -->","yoast_head_json":{"title":"Donaciones - Fundaci\u00f3n Cleotilde Guerrero","robots":{"index":"index","follow":"follow","max-snippet":"max-snippet:-1","max-image-preview":"max-image-preview:large","max-video-preview":"max-video-preview:-1"},"canonical":"https:\/\/cleotildeguerrero.org\/index.php\/donaciones-2\/","og_locale":"es_ES","og_type":"article","og_title":"Donaciones - Fundaci\u00f3n Cleotilde Guerrero","og_description":"\u00a1Haz la diferencia! Tus donaciones contribuyen al crecimiento y desarrollo de los j\u00f3venes en Isla Trinitaria, evitando que caigan en riesgos sociales y otorg\u00e1ndoles la oportunidad de impulsar un mejor futuro. Realiza tu dep\u00f3sito o transferencia bancaria a: Fundaci\u00f3n de Asistencia Social Sra. Cleotilde GuerreroCuenta Corriente No. 1750600125Banco InternacionalRUC: 0992445203001SWIFT: BINTECEQ \u00bfPrefieres donar con tarjeta [&hellip;]","og_url":"https:\/\/cleotildeguerrero.org\/index.php\/donaciones-2\/","og_site_name":"Fundaci\u00f3n Cleotilde Guerrero","article_modified_time":"2023-08-30T14:55:08+00:00","og_image":[{"url":"https:\/\/cleotildeguerrero.org\/wp-content\/uploads\/2023\/08\/almuerzos-infantiles-1-768x1024.jpeg"}],"twitter_card":"summary_large_image","twitter_misc":{"Tiempo de lectura":"1 minuto"},"schema":{"@context":"https:\/\/schema.org","@graph":[{"@type":"WebPage","@id":"https:\/\/cleotildeguerrero.org\/index.php\/donaciones-2\/","url":"https:\/\/cleotildeguerrero.org\/index.php\/donaciones-2\/","name":"Donaciones - Fundaci\u00f3n Cleotilde Guerrero","isPartOf":{"@id":"https:\/\/cleotildeguerrero.org\/#website"},"primaryImageOfPage":{"@id":"https:\/\/cleotildeguerrero.org\/index.php\/donaciones-2\/#primaryimage"},"image":{"@id":"https:\/\/cleotildeguerrero.org\/index.php\/donaciones-2\/#primaryimage"},"thumbnailUrl":"https:\/\/cleotildeguerrero.org\/wp-content\/uploads\/2023\/08\/almuerzos-infantiles-1-768x1024.jpeg","datePublished":"2023-08-30T13:20:56+00:00","dateModified":"2023-08-30T14:55:08+00:00","breadcrumb":{"@id":"https:\/\/cleotildeguerrero.org\/index.php\/donaciones-2\/#breadcrumb"},"inLanguage":"es","potentialAction":[{"@type":"ReadAction","target":["https:\/\/cleotildeguerrero.org\/index.php\/donaciones-2\/"]}]},{"@type":"ImageObject","inLanguage":"es","@id":"https:\/\/cleotildeguerrero.org\/index.php\/donaciones-2\/#primaryimage","url":"https:\/\/cleotildeguerrero.org\/wp-content\/uploads\/2023\/08\/almuerzos-infantiles-1.jpeg","contentUrl":"https:\/\/cleotildeguerrero.org\/wp-content\/uploads\/2023\/08\/almuerzos-infantiles-1.jpeg","width":774,"height":1032},{"@type":"BreadcrumbList","@id":"https:\/\/cleotildeguerrero.org\/index.php\/donaciones-2\/#breadcrumb","itemListElement":[{"@type":"ListItem","position":1,"name":"Portada","item":"https:\/\/cleotildeguerrero.org\/"},{"@type":"ListItem","position":2,"name":"Donaciones"}]},{"@type":"WebSite","@id":"https:\/\/cleotildeguerrero.org\/#website","url":"https:\/\/cleotildeguerrero.org\/","name":"Fundaci\u00f3n Cleotilde Guerrero","description":"Organizaci\u00f3n sin fines de lucro","publisher":{"@id":"https:\/\/cleotildeguerrero.org\/#organization"},"potentialAction":[{"@type":"SearchAction","target":{"@type":"EntryPoint","urlTemplate":"https:\/\/cleotildeguerrero.org\/?s={search_term_string}"},"query-input":"required name=search_term_string"}],"inLanguage":"es"},{"@type":"Organization","@id":"https:\/\/cleotildeguerrero.org\/#organization","name":"Fundaci\u00f3n Cleotilde Guerrero","url":"https:\/\/cleotildeguerrero.org\/","logo":{"@type":"ImageObject","inLanguage":"es","@id":"https:\/\/cleotildeguerrero.org\/#\/schema\/logo\/image\/","url":"https:\/\/cleotildeguerrero.org\/wp-content\/uploads\/2023\/08\/FundacionCleotildeGuerrero_Logotipo-03.png","contentUrl":"https:\/\/cleotildeguerrero.org\/wp-content\/uploads\/2023\/08\/FundacionCleotildeGuerrero_Logotipo-03.png","width":2867,"height":1450,"caption":"Fundaci\u00f3n Cleotilde Guerrero"},"image":{"@id":"https:\/\/cleotildeguerrero.org\/#\/schema\/logo\/image\/"}}]}},"_links":{"self":[{"href":"https:\/\/cleotildeguerrero.org\/index.php\/wp-json\/wp\/v2\/pages\/407","targetHints":{"allow":["GET"]}}],"collection":[{"href":"https:\/\/cleotildeguerrero.org\/index.php\/wp-json\/wp\/v2\/pages"}],"about":[{"href":"https:\/\/cleotildeguerrero.org\/index.php\/wp-json\/wp\/v2\/types\/page"}],"author":[{"embeddable":true,"href":"https:\/\/cleotildeguerrero.org\/index.php\/wp-json\/wp\/v2\/users\/1"}],"replies":[{"embeddable":true,"href":"https:\/\/cleotildeguerrero.org\/index.php\/wp-json\/wp\/v2\/comments?post=407"}],"version-history":[{"count":7,"href":"https:\/\/cleotildeguerrero.org\/index.php\/wp-json\/wp\/v2\/pages\/407\/revisions"}],"predecessor-version":[{"id":449,"href":"https:\/\/cleotildeguerrero.org\/index.php\/wp-json\/wp\/v2\/pages\/407\/revisions\/449"}],"wp:attachment":[{"href":"https:\/\/cleotildeguerrero.org\/index.php\/wp-json\/wp\/v2\/media?parent=407"}],"curies":[{"name":"wp","href":"https:\/\/api.w.org\/{rel}","templated":true}]}}